{"id":417,"date":"2022-11-01T21:44:17","date_gmt":"2022-11-01T21:44:17","guid":{"rendered":"https:\/\/bangcreativo.website\/?page_id=417"},"modified":"2022-11-24T01:45:20","modified_gmt":"2022-11-24T01:45:20","slug":"terminos-y-condiciones","status":"publish","type":"page","link":"https:\/\/grupobasica.com\/en\/terminos-y-condiciones\/","title":{"rendered":"T\u00e9rminos y condiciones"},"content":{"rendered":"<div data-elementor-type=\"wp-page\" data-elementor-id=\"417\" class=\"elementor elementor-417\" wpc-filter-elementor-widget=\"1\" data-elementor-post-type=\"page\">\n\t\t\t\t\t\t<section class=\"elementor-section elementor-top-section elementor-element elementor-element-631ab7ff elementor-section-boxed elementor-section-height-default elementor-section-height-default parallax_section_no qode_elementor_container_no qode-content-aligment-left\" data-id=\"631ab7ff\" data-element_type=\"section\" data-e-type=\"section\">\n\t\t\t\t\t\t<div class=\"elementor-container elementor-column-gap-default\">\n\t\t\t\t\t<div class=\"elementor-column elementor-col-100 elementor-top-column elementor-element elementor-element-24370b0a\" data-id=\"24370b0a\" data-element_type=\"column\" data-e-type=\"column\">\n\t\t\t<div class=\"elementor-widget-wrap elementor-element-populated\">\n\t\t\t\t\t\t<div class=\"elementor-element elementor-element-a6b1a3a elementor-widget elementor-widget-heading\" data-id=\"a6b1a3a\" data-element_type=\"widget\" data-e-type=\"widget\" data-widget_type=\"heading.default\">\n\t\t\t\t\t<h2 class=\"elementor-heading-title elementor-size-default\">T\u00e9rminos y condiciones<\/h2>\t\t\t\t<\/div>\n\t\t\t\t<div class=\"elementor-element elementor-element-78e8d8b elementor-widget elementor-widget-text-editor\" data-id=\"78e8d8b\" data-element_type=\"widget\" data-e-type=\"widget\" data-widget_type=\"text-editor.default\">\n\t\t\t\t\t\t\t\t\t<p><\/p>\n<p>Grupo Basica<sup>\u00ae<\/sup>\u00a0requiere que todos los visitantes de este Portal se adhieran a los t\u00e9rminos y condiciones que aparecen a continuaci\u00f3n. Por el solo hecho de acceder y hacer uso de este Portal, Usted (el \u201cUsuario\u201d) se adhiere de forma inmediata a todos y cada uno de los siguientes t\u00e9rminos y condiciones:<\/p>\n<p><\/p>\n<p><\/p>\n<p><strong>\u00a0<\/strong><\/p>\n<p><strong>LEGISLACI\u00d3N<\/strong><\/p>\n<p><\/p>\n<p><\/p>\n<p>El acceso y utilizaci\u00f3n de este Portal se encuentra sujeto a las disposiciones aplicables de la legislaci\u00f3n mexicana.<\/p>\n<p><\/p>\n<p><\/p>\n<p><strong>\u00a0<\/strong><\/p>\n<p><strong>RESPONSABILIDAD RESPECTO A LA INFORMACI\u00d3N<\/strong><\/p>\n<p><\/p>\n<p><\/p>\n<p>Grupo Basica<sup>\u00ae<\/sup>\u00a0no asume ninguna responsabilidad relacionada con la exactitud o veracidad de alguna opini\u00f3n, manifestaci\u00f3n o declaraci\u00f3n realizada a trav\u00e9s de este Portal, por alg\u00fan tercero distinto a Grupo Basica<sup>\u00ae<\/sup>. Asimismo, Grupo Basica<sup>\u00ae<\/sup>\u00a0no asume ninguna responsabilidad por los da\u00f1os o perjuicios que se pudieren llegar a ocasionar en virtud de la utilizaci\u00f3n de la informaci\u00f3n contenida en este Portal. Es responsabilidad exclusiva del Usuario el evaluar la exactitud, contenido y utilidad de la informaci\u00f3n, por lo que recomendamos se contacte un especialista para obtener una evaluaci\u00f3n profesional respecto de cualquier segmento de dicha informaci\u00f3n.<\/p>\n<p><\/p>\n<p><\/p>\n<p><strong>\u00a0<\/strong><\/p>\n<p><strong>LIMITACI\u00d3N DE RESPONSABILIDAD<\/strong><\/p>\n<p><\/p>\n<p><\/p>\n<p>Grupo Basica<sup>\u00ae<\/sup>\u00a0no asume ninguna especie de responsabilidad que se derive de cualquier da\u00f1o o perjuicio, directo o indirecto, generado o de cualquier forma relacionado con el acceso o utilizaci\u00f3n de este Portal, incluyendo la responsabilidad relacionada con da\u00f1os ocasionados por virus que infecten el\/los sistema(s) de c\u00f3mputo del Usuario.<\/p>\n<p><\/p>\n<p><\/p>\n<p><strong>\u00a0<\/strong><\/p>\n<p><strong>CONFIDENCIALIDAD EN LAS COMUNICACIONES DEL USUARIO<\/strong><\/p>\n<p><\/p>\n<p><\/p>\n<p>Salvo por lo establecido por las disposiciones legales aplicables, Grupo Basica<sup>\u00ae<\/sup>\u00a0har\u00e1 sus mejores esfuerzos por mantener la confidencialidad de las comunicaciones del Usuario que contengan informaci\u00f3n personal, que \u00e9ste transmita directamente a Grupo Basica<sup>\u00ae<\/sup>. No obstante lo anterior, los registros e inscripciones que hagan los Usuarios en cualquier tipo de foro de mensajes, no ser\u00e1n considerados como confidenciales.<\/p>\n<p><\/p>\n<p><\/p>\n<p><strong>\u00a0<\/strong><\/p>\n<p><strong>PORTALES LIGADOS<\/strong><\/p>\n<p><\/p>\n<p><\/p>\n<p>Se encuentra estrictamente prohibido cualquier tipo de captaci\u00f3n y\/o vinculaci\u00f3n no autorizada a este Portal. Asimismo se encuentra prohibida la enmarcaci\u00f3n del contenido de este Portal. Grupo Basica<sup>\u00ae<\/sup>\u00a0se reserva el derecho de desactivar cualquier liga (link) o marco (frame) no autorizado, y no asume responsabilidad alguna respecto del contenido de cualquier otro Portal de Internet ligado o vinculado a este Portal. El acceso a cualquier Portal ligado o vinculado ser\u00e1 bajo el riesgo exclusivo del Usuario.<\/p>\n<p><\/p>\n<p><\/p>\n<p><strong>\u00a0<\/strong><\/p>\n<p><strong>REGISTROS E INSCRIPCIONES DE LOS USUARIOS<\/strong><\/p>\n<p><\/p>\n<p><\/p>\n<p>Grupo Basica<sup>\u00ae<\/sup>\u00a0no se encuentra obligada a revisar o dar contestaci\u00f3n a los mensajes o informaci\u00f3n registrada en este Portal por los Usuarios, por lo que no asume ninguna responsabilidad por dichos registros o inscripciones. Sin perjuicio de lo anterior, Grupo Basica<sup>\u00ae<\/sup>\u00a0se reserva la facultad de monitorear dichos registros con la frecuencia que discrecionalmente determine, as\u00ed como a suprimir cualquier registro cuyo contenido sea, de manera enunciativa mas no limitativa: (i) ilegal, inmoral, difamatorio, calumnioso, vulgar, obsceno, \u00e9tnica o racialmente discriminatorio, o cualquier otro material cuyo contenido incite alg\u00fan comportamiento o conducta que pueda ser considerada ilegal o contra las buenas costumbres, o pueda acarrear alg\u00fan tipo de responsabilidad; (ii) Promociones u ofertas de cualquier especie, (iii) Mensajes registrados por Usuarios atribuyendo la autor\u00eda de los mismos a otras personas; (iv) informaci\u00f3n personal (p.ej.: n\u00famero telef\u00f3nico, domicilio, n\u00fameros de cuenta, historial laboral, etc.); (v) Mensajes registrados por terceros que pretenden hacerse pasar por voceros autorizados por Grupo Basica<sup>\u00ae<\/sup>; (vi) Mensajes a trav\u00e9s de los cuales se ofrezca informaci\u00f3n privada o propiedades intelectuales; (vii) Mensajes m\u00faltiples colocados por un mismo Usuario; y\/o (viii) Cualquier tipo de mensajes encadenados o seriados.<\/p>\n<p><\/p>\n<p><\/p>\n<p><strong>\u00a0<\/strong><\/p>\n<p><strong>TRANSMISI\u00d3N DE INFORMACI\u00d3N PERSONAL<\/strong><\/p>\n<p><\/p>\n<p><\/p>\n<p>El Usuario reconoce y acepta que la informaci\u00f3n que proporcione a Grupo Basica<sup>\u00ae<\/sup>\u00a0a trav\u00e9s de este Portal, podr\u00e1 ser re-transmitida por Grupo Basica<sup>\u00ae<\/sup>\u00a0a otras personas de la empresa.<\/p>\n<p><\/p>\n<p><\/p>\n<p><strong>\u00a0<\/strong><\/p>\n<p><strong>MODIFICACIONES<\/strong><\/p>\n<p><\/p>\n<p><\/p>\n<p>Grupo Basica<sup>\u00ae<\/sup>\u00a0se reserva el derecho de modificar el contenido y alcance de los presentes T\u00e9rminos y Condiciones en cualquier momento y seg\u00fan lo considere necesario. El Usuario estar\u00e1 obligado a sujetarse a dichas modificaciones, una vez que \u00e9stas entren en vigor.<\/p>\n<p><\/p>\n<p><\/p>\n<p><strong>\u00a0<\/strong><\/p>\n<p><strong>VIOLACI\u00d3N A ESTOS T\u00c9RMINOS Y CONDICIONES<\/strong><\/p>\n<p><\/p>\n<p><\/p>\n<p>Grupo Basica<sup>\u00ae<\/sup>\u00a0se reserva el derecho de llevar a cabo todos las acciones legales que sean necesarias para remediar cualquier violaci\u00f3n a los presentes T\u00e9rminos y Condiciones, incluso el de restringir el acceso a este Portal a determinados Usuarios de Internet.<\/p>\n<p><\/p>\n<p><\/p>\n<p><strong>\u00a0<\/strong><\/p>\n<p><strong>USO DE FUNCIONES Y ARCHIVOS \u201cCOOKIES\u201d<\/strong><\/p>\n<p><\/p>\n<p><\/p>\n<p>Grupo Basica<sup>\u00ae<\/sup>\u00a0se reserva el derecho de guardar cierta informaci\u00f3n en su computadora en la forma de un archivo \u201ccookie\u201d u otro de naturaleza similar, con el prop\u00f3sito de adaptar la presentaci\u00f3n del Portal a sus preferencias personales. Usted encontrar\u00e1 mayor informaci\u00f3n respecto al uso que Grupo Basica<sup>\u00ae<\/sup>\u00a0hace de los archivos \u201ccookie\u201d, as\u00ed como el procedimiento para desactivar dichos archivos en la Declaraci\u00f3n de Privacidad de Grupo Basica<sup>\u00ae<\/sup>.<\/p>\n<p><\/p>\n<p><\/p>\n<p><strong>\u00a0<\/strong><\/p>\n<p><strong>JURISDICCI\u00d3N<\/strong><\/p>\n<p><\/p>\n<p><\/p>\n<p>Los Usuarios de este Portal se someten expresamente a las leyes y tribunales aplicables en la Ciudad de Tijuana, Baja California, renunciando a cualquier otra jurisdicci\u00f3n que por cualquier motivo les pudiese llegar a corresponder.<\/p>\n<p><\/p>\t\t\t\t\t\t\t\t<\/div>\n\t\t\t\t\t<\/div>\n\t\t<\/div>\n\t\t\t\t\t<\/div>\n\t\t<\/section>\n\t\t\t\t<\/div>","protected":false},"excerpt":{"rendered":"<p>T\u00e9rminos y condiciones Grupo Basica\u00ae\u00a0requiere que todos los visitantes de este Portal se adhieran a los t\u00e9rminos y condiciones que aparecen a continuaci\u00f3n. Por el solo hecho de acceder y hacer uso de este Portal, Usted (el \u201cUsuario\u201d) se adhiere&#8230;<\/p>","protected":false},"author":2,"featured_media":0,"parent":0,"menu_order":0,"comment_status":"closed","ping_status":"closed","template":"","meta":{"_monsterinsights_skip_tracking":false,"_monsterinsights_sitenote_active":false,"_monsterinsights_sitenote_note":"","_monsterinsights_sitenote_category":0,"footnotes":""},"class_list":["post-417","page","type-page","status-publish","hentry"],"yoast_head":"\n<title>T\u00e9rminos y condiciones | Grupo Basica\u00ae<\/title>\n<meta name=\"robots\" content=\"index, follow, max-snippet:-1, max-image-preview:large, max-video-preview:-1\" \/>\n<link rel=\"canonical\" href=\"https:\/\/www.website-122f066c.bangweb.site\/terminos-y-condiciones\/\" \/>\n<meta property=\"og:locale\" content=\"en_US\" \/>\n<meta property=\"og:type\" content=\"article\" \/>\n<meta property=\"og:title\" content=\"T\u00e9rminos y condiciones | Grupo Basica\u00ae\" \/>\n<meta property=\"og:description\" content=\"T\u00e9rminos y condiciones Grupo Basica\u00ae\u00a0requiere que todos los visitantes de este Portal se adhieran a los t\u00e9rminos y condiciones que aparecen a continuaci\u00f3n. Por el solo hecho de acceder y hacer uso de este Portal, Usted (el \u201cUsuario\u201d) se adhiere...\" \/>\n<meta property=\"og:url\" content=\"https:\/\/www.website-122f066c.bangweb.site\/terminos-y-condiciones\/\" \/>\n<meta property=\"og:site_name\" content=\"Grupo Basica\u00ae\" \/>\n<meta property=\"article:modified_time\" content=\"2022-11-24T01:45:20+00:00\" \/>\n<meta property=\"og:image\" content=\"https:\/\/grupobasica.com\/wp-content\/uploads\/2023\/03\/social_card-cover-grupobasica.png\" \/>\n\t<meta property=\"og:image:width\" content=\"1200\" \/>\n\t<meta property=\"og:image:height\" content=\"675\" \/>\n\t<meta property=\"og:image:type\" content=\"image\/png\" \/>\n<meta name=\"twitter:card\" content=\"summary_large_image\" \/>\n<meta name=\"twitter:label1\" content=\"Est. reading time\" \/>\n\t<meta name=\"twitter:data1\" content=\"4 minutes\" \/>\n<script type=\"application\/ld+json\" class=\"yoast-schema-graph\">{\"@context\":\"https:\\\/\\\/schema.org\",\"@graph\":[{\"@type\":\"WebPage\",\"@id\":\"https:\\\/\\\/www.website-122f066c.bangweb.site\\\/terminos-y-condiciones\\\/\",\"url\":\"https:\\\/\\\/www.website-122f066c.bangweb.site\\\/terminos-y-condiciones\\\/\",\"name\":\"T\u00e9rminos y condiciones | Grupo Basica\u00ae\",\"isPartOf\":{\"@id\":\"https:\\\/\\\/www.website-122f066c.bangweb.site\\\/#website\"},\"datePublished\":\"2022-11-01T21:44:17+00:00\",\"dateModified\":\"2022-11-24T01:45:20+00:00\",\"breadcrumb\":{\"@id\":\"https:\\\/\\\/www.website-122f066c.bangweb.site\\\/terminos-y-condiciones\\\/#breadcrumb\"},\"inLanguage\":\"en-US\",\"potentialAction\":[{\"@type\":\"ReadAction\",\"target\":[\"https:\\\/\\\/www.website-122f066c.bangweb.site\\\/terminos-y-condiciones\\\/\"]}]},{\"@type\":\"BreadcrumbList\",\"@id\":\"https:\\\/\\\/www.website-122f066c.bangweb.site\\\/terminos-y-condiciones\\\/#breadcrumb\",\"itemListElement\":[{\"@type\":\"ListItem\",\"position\":1,\"name\":\"Portada\",\"item\":\"https:\\\/\\\/grupobasica.com\\\/\"},{\"@type\":\"ListItem\",\"position\":2,\"name\":\"T\u00e9rminos y condiciones\"}]},{\"@type\":\"WebSite\",\"@id\":\"https:\\\/\\\/www.website-122f066c.bangweb.site\\\/#website\",\"url\":\"https:\\\/\\\/www.website-122f066c.bangweb.site\\\/\",\"name\":\"Grupo Basica\u00a9\",\"description\":\"Consultor\u00eda, Dise\u00f1o y Sistema de Fachadas\",\"publisher\":{\"@id\":\"https:\\\/\\\/www.website-122f066c.bangweb.site\\\/#organization\"},\"alternateName\":\"Basica\u00a9\",\"potentialAction\":[{\"@type\":\"SearchAction\",\"target\":{\"@type\":\"EntryPoint\",\"urlTemplate\":\"https:\\\/\\\/www.website-122f066c.bangweb.site\\\/?s={search_term_string}\"},\"query-input\":{\"@type\":\"PropertyValueSpecification\",\"valueRequired\":true,\"valueName\":\"search_term_string\"}}],\"inLanguage\":\"en-US\"},{\"@type\":\"Organization\",\"@id\":\"https:\\\/\\\/www.website-122f066c.bangweb.site\\\/#organization\",\"name\":\"Grupo Basica\u00a9\",\"alternateName\":\"Basica\u00a9\",\"url\":\"https:\\\/\\\/www.website-122f066c.bangweb.site\\\/\",\"logo\":{\"@type\":\"ImageObject\",\"inLanguage\":\"en-US\",\"@id\":\"https:\\\/\\\/www.website-122f066c.bangweb.site\\\/#\\\/schema\\\/logo\\\/image\\\/\",\"url\":\"https:\\\/\\\/grupobasica.com\\\/wp-content\\\/uploads\\\/2023\\\/03\\\/logo-grupobasica-696px.png\",\"contentUrl\":\"https:\\\/\\\/grupobasica.com\\\/wp-content\\\/uploads\\\/2023\\\/03\\\/logo-grupobasica-696px.png\",\"width\":696,\"height\":696,\"caption\":\"Grupo Basica\u00a9\"},\"image\":{\"@id\":\"https:\\\/\\\/www.website-122f066c.bangweb.site\\\/#\\\/schema\\\/logo\\\/image\\\/\"}}]}<\/script>\n","yoast_head_json":{"title":"T\u00e9rminos y condiciones | Grupo Basica\u00ae","robots":{"index":"index","follow":"follow","max-snippet":"max-snippet:-1","max-image-preview":"max-image-preview:large","max-video-preview":"max-video-preview:-1"},"canonical":"https:\/\/www.website-122f066c.bangweb.site\/terminos-y-condiciones\/","og_locale":"en_US","og_type":"article","og_title":"T\u00e9rminos y condiciones | Grupo Basica\u00ae","og_description":"T\u00e9rminos y condiciones Grupo Basica\u00ae\u00a0requiere que todos los visitantes de este Portal se adhieran a los t\u00e9rminos y condiciones que aparecen a continuaci\u00f3n. Por el solo hecho de acceder y hacer uso de este Portal, Usted (el \u201cUsuario\u201d) se adhiere...","og_url":"https:\/\/www.website-122f066c.bangweb.site\/terminos-y-condiciones\/","og_site_name":"Grupo Basica\u00ae","article_modified_time":"2022-11-24T01:45:20+00:00","og_image":[{"width":1200,"height":675,"url":"https:\/\/grupobasica.com\/wp-content\/uploads\/2023\/03\/social_card-cover-grupobasica.png","type":"image\/png"}],"twitter_card":"summary_large_image","twitter_misc":{"Est. reading time":"4 minutes"},"schema":{"@context":"https:\/\/schema.org","@graph":[{"@type":"WebPage","@id":"https:\/\/www.website-122f066c.bangweb.site\/terminos-y-condiciones\/","url":"https:\/\/www.website-122f066c.bangweb.site\/terminos-y-condiciones\/","name":"T\u00e9rminos y condiciones | Grupo Basica\u00ae","isPartOf":{"@id":"https:\/\/www.website-122f066c.bangweb.site\/#website"},"datePublished":"2022-11-01T21:44:17+00:00","dateModified":"2022-11-24T01:45:20+00:00","breadcrumb":{"@id":"https:\/\/www.website-122f066c.bangweb.site\/terminos-y-condiciones\/#breadcrumb"},"inLanguage":"en-US","potentialAction":[{"@type":"ReadAction","target":["https:\/\/www.website-122f066c.bangweb.site\/terminos-y-condiciones\/"]}]},{"@type":"BreadcrumbList","@id":"https:\/\/www.website-122f066c.bangweb.site\/terminos-y-condiciones\/#breadcrumb","itemListElement":[{"@type":"ListItem","position":1,"name":"Portada","item":"https:\/\/grupobasica.com\/"},{"@type":"ListItem","position":2,"name":"T\u00e9rminos y condiciones"}]},{"@type":"WebSite","@id":"https:\/\/www.website-122f066c.bangweb.site\/#website","url":"https:\/\/www.website-122f066c.bangweb.site\/","name":"Grupo Basica\u00a9","description":"Consultor\u00eda, Dise\u00f1o y Sistema de Fachadas","publisher":{"@id":"https:\/\/www.website-122f066c.bangweb.site\/#organization"},"alternateName":"Basica\u00a9","potentialAction":[{"@type":"SearchAction","target":{"@type":"EntryPoint","urlTemplate":"https:\/\/www.website-122f066c.bangweb.site\/?s={search_term_string}"},"query-input":{"@type":"PropertyValueSpecification","valueRequired":true,"valueName":"search_term_string"}}],"inLanguage":"en-US"},{"@type":"Organization","@id":"https:\/\/www.website-122f066c.bangweb.site\/#organization","name":"Grupo Basica\u00a9","alternateName":"Basica\u00a9","url":"https:\/\/www.website-122f066c.bangweb.site\/","logo":{"@type":"ImageObject","inLanguage":"en-US","@id":"https:\/\/www.website-122f066c.bangweb.site\/#\/schema\/logo\/image\/","url":"https:\/\/grupobasica.com\/wp-content\/uploads\/2023\/03\/logo-grupobasica-696px.png","contentUrl":"https:\/\/grupobasica.com\/wp-content\/uploads\/2023\/03\/logo-grupobasica-696px.png","width":696,"height":696,"caption":"Grupo Basica\u00a9"},"image":{"@id":"https:\/\/www.website-122f066c.bangweb.site\/#\/schema\/logo\/image\/"}}]}},"_links":{"self":[{"href":"https:\/\/grupobasica.com\/en\/wp-json\/wp\/v2\/pages\/417","targetHints":{"allow":["GET"]}}],"collection":[{"href":"https:\/\/grupobasica.com\/en\/wp-json\/wp\/v2\/pages"}],"about":[{"href":"https:\/\/grupobasica.com\/en\/wp-json\/wp\/v2\/types\/page"}],"author":[{"embeddable":true,"href":"https:\/\/grupobasica.com\/en\/wp-json\/wp\/v2\/users\/2"}],"replies":[{"embeddable":true,"href":"https:\/\/grupobasica.com\/en\/wp-json\/wp\/v2\/comments?post=417"}],"version-history":[{"count":0,"href":"https:\/\/grupobasica.com\/en\/wp-json\/wp\/v2\/pages\/417\/revisions"}],"wp:attachment":[{"href":"https:\/\/grupobasica.com\/en\/wp-json\/wp\/v2\/media?parent=417"}],"curies":[{"name":"wp","href":"https:\/\/api.w.org\/{rel}","templated":true}]}}